{"id":5382,"date":"2020-07-09T06:51:23","date_gmt":"2020-07-09T06:51:23","guid":{"rendered":"https:\/\/www.binah.ai\/?page_id=5382"},"modified":"2025-08-25T17:05:43","modified_gmt":"2025-08-25T17:05:43","slug":"contact","status":"publish","type":"page","link":"https:\/\/www.binah.ai\/es\/contact\/","title":{"rendered":"Contacto"},"content":{"rendered":"<svg xmlns=\"http:\/\/www.w3.org\/2000\/svg\" width=\"0\" height=\"0\" fill=\"none\" style=\"position: absolute; z-index: -2;\" class=\"hero-path-svg\"><clipPath clipPathUnits=\"objectBoundingBox\" id=\"path\"><path transform=\"scale(0.00235, 0.00234)\" d=\"M64.7 420.9C31.5 420.9-31.6 409.5-59 403.9V-396H429.2V403.9C396.7 395 315.2 381.3 249.4 397.2 167.2 417.1 106.3 420.9 64.7 420.9Z\" \/><\/clipPath>\n  <clipPath clipPathUnits=\"objectBoundingBox\" id=\"path-desktop\">\n    <path transform=\"scale(0.00068, 0.00123)\" d=\"M2292.97 646.754C2170.01 633.701 2101.47 647.189 1999.33 682.867C1930.8 706.797 1872.34 741.17 1791.03 751.613C1690.91 764.23 1587.43 736.819 1510.83 703.317C1433.56 669.814 1368.38 628.915 1277.67 604.549C1089.52 554.513 848.965 591.931 678.963 655.891C605.05 683.737 539.199 716.37 459.238 739.43C379.276 762.49 279.828 775.108 193.147 759.444C121.921 746.391 68.8378 716.37 0.971427 699.401L0.971332 0.000130027L2292.97 0.00012207L2292.97 646.754Z\" \/>\n  <\/clipPath>\n<\/svg>\n\n \n\n<style>\n  .section-hero-contact-new__background {\n    clip-path: url(#path-desktop);\n    -webkit-clip-path: url(#path-desktop);\n    background-image: url( https:\/\/www.binah.ai\/wp-content\/uploads\/2020\/10\/shutterstock_605728811-1-wbst.jpg );\n  }\n\n  @media (max-width: 1199px) {\n    .section-hero-contact-new__background {\n      clip-path: url(#path);\n      -webkit-clip-path: url(#path);\n    }\n  }\n\n      @media  screen and (max-width: 992px) {\n      .section-hero-contact-new__background {\n        background-image: url(https:\/\/www.binah.ai\/wp-content\/uploads\/2022\/01\/contactus_mobile-3.png);\n      }\n    }\n  <\/style>\n\n<section class=\"section-hero-contact-new template-full-width small-hero-title block hero-contact-new  \" data-block_4d95c34b02edb6436ccf303454062691 >\n      <div class=\"section-hero-contact-new__background\"><\/div>\n     \n\n  <div class=\"bh-container\">\n    <div class=\"section-hero-contact-new__body\">\n      <div class=\"section-hero-contact-new__entry\">\n        <div class=\"section-hero-contact-new__entry-body\">\n                      <h1 class=\"section-hero-contact-new__title\">Contacto<\/h1>\n          \n                      <h2 class=\"section-hero-contact-new__subtitle\">D\u00e9 forma al futuro del bienestar y la atenci\u00f3n en salud digital<\/h2>\n                  <\/div>\n\n        \n        <button class=\"btn btn-down\">\n          <i class=\"ico ico-arrow-down\"><\/i>\n        <\/button>\n      <\/div>\n\n      <div class=\"section-hero-contact-new__form\">\n        <div class=\"section-hero-contact-new__form-entry\">\n                    <h3>Para solicitar una prueba gratuita o para consultas comerciales, llene el formulario que encuentra a continuaci\u00f3n.<\/h3>\r\n<script>\r\n  hbspt.forms.create({\r\n\tportalId: \"8790047\",\r\n\tformId: \"a0d3ef27-6577-4749-b802-6923cffeac9c\",\r\n        cssClass: 'contact-salesforce-form',\r\n        submitButtonClass: 'btn btn-primary btn-primary--royalblue form__btn',\r\n        groupErrors: false,\r\n        onFormReady($form) {\r\n            if (typeof window.addUtmParamsToForm === 'function') {\r\n                window.addUtmParamsToForm($form);\r\n        }\r\n    },\r\n});\r\n<\/script>\n        <\/div>\n      <\/div>\n    <\/div>\n    <div class=\"section-hero-contact-new__content\">     \n                    <div class=\"section-hero-contact-new__text\"><p>\u00bfTienes alguna pregunta sobre nuestra tecnolog\u00eda o quieres conversar sobre un proyecto espec\u00edfico? Nos encantar\u00eda saber de ti.<br \/>\nNuestro equipo est\u00e1 listo para contactarse y ayudarte a descubrir c\u00f3mo Binah.ai puede responder a tus necesidades. Solo completa el formulario a la derecha y nos pondremos en contacto contigo muy pronto.<\/p>\n<p style=\"font-weight: 600;\"><a href=\"mailto:pr@binah.ai\">Para Prensaor <\/a>\u00a0<a style=\"padding: 0 20px;\" href=\"mailto:info@binah.ai\">Para Educaci\u00f3n <\/a>\u00a0<a href=\"malito:research@binah.ai\">Para Investigaci\u00f3n<\/a><\/p>\n<p>Para otros tipos de consultas, por favor cont\u00e1ctanos en <a href=\"mailto:info@binah.ai\">info@binah.ai<\/a><\/p>\n<\/div> \n                <div class=\"section-hero-contact-new__locations\">\n                            <h2 class=\"section-hero-contact-new__locations-title\">Nuestras oficinas<\/h2>    \n            \n                \n                <div class=\"section-hero-contact-new__locations-list\">\n                                            <div class=\"section-hero-contact-new__locations-list-column\">\n                            <div class=\"box-location\">\n                                <div class=\"box-location__background\" style=\"background-image: url(https:\/\/www.binah.ai\/wp-content\/uploads\/2022\/10\/usa_contactus-1.png)\"><\/div>\n                                \n                                <div class=\"box-location__content\">\n                                                                            <h4 class=\"box-location__title\">USA<\/h4>\n                                    \n                                                                    <\/div>\n\n                                                                    <div class=\"box-location__overlay\">\n                                        <div class=\"box-location__overlay-text\">\n                                        <p>BINAH.AI INC.<br \/>\n265 Franklin St<br \/>\nSuite 1702<br \/>\nBoston , MA 02110<br \/>\n(617) 963 5149<br \/>\n<a href=\"mailto:info@binah.ai\">info@binah.ai<\/a><\/p>\n\n                                        <\/div>\n\n                                                                                <h4 class=\"box-location__title box-location__overlay-title\">USA<\/h4>\n                                                                            <\/div>\n                                                            <\/div>                  \n                        <\/div>              \n                                            <div class=\"section-hero-contact-new__locations-list-column\">\n                            <div class=\"box-location\">\n                                <div class=\"box-location__background\" style=\"background-image: url(https:\/\/www.binah.ai\/wp-content\/uploads\/2022\/01\/japan.png)\"><\/div>\n                                \n                                <div class=\"box-location__content\">\n                                                                            <h4 class=\"box-location__title\">JAPAN<\/h4>\n                                    \n                                                                    <\/div>\n\n                                                                    <div class=\"box-location__overlay\">\n                                        <div class=\"box-location__overlay-text\">\n                                        <p>BINAH.AI JAPAN<br \/>\n(c\/o BBT\/GiTV)<br \/>\nHibiya Parkfront, 2-1-6, Uchisaiwaicho<br \/>\nChiyoda-ku, Tokyo 100-0011<br \/>\n<a href=\"mailto:info-japan@binah.ai\">info-japan@binah.ai<\/a><\/p>\n\n                                        <\/div>\n\n                                                                                <h4 class=\"box-location__title box-location__overlay-title\">JAPAN<\/h4>\n                                                                            <\/div>\n                                                            <\/div>                  \n                        <\/div>              \n                                    <\/div>\n                    <\/div>\n    <\/div>\n  <\/div>\n<\/section>\n\n\n<section class=\"two-columns block two-columns   binah sdk-binah-team\" style=\"background-image: url(https:\/\/www.binah.ai\/wp-content\/uploads\/2022\/01\/cta.jpg);\" data-block_c4124fef9871289548524b3b64ca116d>\n  \n\t<div class=\"grid-container\">\n    <div class=\"two-columns-container\">\n                  <div class=\"two-columns-column two-columns-column-v-align--top\">\n                  \n                        <h2 class=\"two-columns-header\">\u00bfListo para probar nuestra aplicaci\u00f3n?<\/h2>\n                                \n                        <p class=\"two-columns-text\">Hemos incorporado a miles de comerciantes electr\u00f3nicos y ayudado a crecer f\u00e1cilmente algunas de las marcas de mayor crecimiento.<\/p>\n                            <\/div>\n                  <div class=\"two-columns-column two-columns-column-v-align--center\">\n                  \n                                      <div class=\"two-columns-buttons\">\n                                                    <a href=\"#\"\n  target=\"\"\n  class=\"btn-primary btn-primary--royalblue button-box btn\">Contacto<\/a>\n                                      <\/div>\n                            <\/div>\n          <\/div>\n  <\/div>\n  <img decoding=\"async\" class=\"wave-border\" src=\"https:\/\/www.binah.ai\/wp-content\/themes\/binah\/dist\/images\/wave.svg\" alt=\"footer-wave-border\">\n<\/section>\n\n\n\n<style>\n.legal-consent-container .hs-form-booleancheckbox-display>span{\nmargin-left: 5px;\n}\n.legal-consent-container .hs-form-booleancheckbox-display>span p{\nfont-size: 16px;\nfont-weight: 600;\n    color: #1457eb;\n}\n.legal-consent-container .hs-dependent-field{width: 100% !important;}\n.section-hero-contact{margin-bottom: 400px;}\n.section-hero-contact .contact-salesforce-form fieldset:last-of-type{\n    -webkit-box-ordinal-group: unset;\n    -ms-flex-order: unset;\n    order: unset;\n}\n.section-hero-contact .contact-salesforce-form .legal-consent-container{\npadding: 10px 0;\n}\n\n.section-hero-contact .contact-salesforce-form .legal-consent-container .hs-richtext{\npadding-left: 10px;\n}\n<\/style>\n","protected":false},"excerpt":{"rendered":"","protected":false},"author":2,"featured_media":0,"parent":0,"menu_order":0,"comment_status":"closed","ping_status":"closed","template":"","meta":{"_acf_changed":true,"footnotes":""},"class_list":["post-5382","page","type-page","status-publish","hentry"],"acf":[],"yoast_head":"<!-- This site is optimized with the Yoast SEO plugin v27.0 - https:\/\/yoast.com\/product\/yoast-seo-wordpress\/ -->\n<title>Contacto - Binah<\/title>\n<meta name=\"robots\" content=\"index, follow, max-snippet:-1, max-image-preview:large, max-video-preview:-1\" \/>\n<link rel=\"canonical\" href=\"https:\/\/www.binah.ai\/es\/contact\/\" \/>\n<meta property=\"og:locale\" content=\"es_ES\" \/>\n<meta property=\"og:type\" content=\"article\" \/>\n<meta property=\"og:title\" content=\"Contacto - Binah\" \/>\n<meta property=\"og:url\" content=\"https:\/\/www.binah.ai\/es\/contact\/\" \/>\n<meta property=\"og:site_name\" content=\"Binah\" \/>\n<meta property=\"article:modified_time\" content=\"2025-08-25T17:05:43+00:00\" \/>\n<meta property=\"og:image\" content=\"https:\/\/www.binah.ai\/wp-content\/uploads\/2020\/03\/apple-touch-icon-1.png\" \/>\n\t<meta property=\"og:image:width\" content=\"200\" \/>\n\t<meta property=\"og:image:height\" content=\"200\" \/>\n\t<meta property=\"og:image:type\" content=\"image\/png\" \/>\n<meta name=\"twitter:card\" content=\"summary_large_image\" \/>\n<meta name=\"twitter:label1\" content=\"Tiempo de lectura\" \/>\n\t<meta name=\"twitter:data1\" content=\"1 minuto\" \/>\n<script type=\"application\/ld+json\" class=\"yoast-schema-graph\">{\"@context\":\"https:\/\/schema.org\",\"@graph\":[{\"@type\":\"WebPage\",\"@id\":\"https:\/\/www.binah.ai\/es\/contact\/\",\"url\":\"https:\/\/www.binah.ai\/es\/contact\/\",\"name\":\"Contacto - Binah\",\"isPartOf\":{\"@id\":\"https:\/\/www.binah.ai\/#website\"},\"datePublished\":\"2020-07-09T06:51:23+00:00\",\"dateModified\":\"2025-08-25T17:05:43+00:00\",\"breadcrumb\":{\"@id\":\"https:\/\/www.binah.ai\/es\/contact\/#breadcrumb\"},\"inLanguage\":\"es\",\"potentialAction\":[{\"@type\":\"ReadAction\",\"target\":[\"https:\/\/www.binah.ai\/es\/contact\/\"]}]},{\"@type\":\"BreadcrumbList\",\"@id\":\"https:\/\/www.binah.ai\/es\/contact\/#breadcrumb\",\"itemListElement\":[{\"@type\":\"ListItem\",\"position\":1,\"name\":\"Home\",\"item\":\"https:\/\/www.binah.ai\/es\/\"},{\"@type\":\"ListItem\",\"position\":2,\"name\":\"Contacto\"}]},{\"@type\":\"WebSite\",\"@id\":\"https:\/\/www.binah.ai\/#website\",\"url\":\"https:\/\/www.binah.ai\/\",\"name\":\"Binah\",\"description\":\"AI-powered Video-based Health and Wellness Monitoring\",\"publisher\":{\"@id\":\"https:\/\/www.binah.ai\/#organization\"},\"potentialAction\":[{\"@type\":\"SearchAction\",\"target\":{\"@type\":\"EntryPoint\",\"urlTemplate\":\"https:\/\/www.binah.ai\/?s={search_term_string}\"},\"query-input\":{\"@type\":\"PropertyValueSpecification\",\"valueRequired\":true,\"valueName\":\"search_term_string\"}}],\"inLanguage\":\"es\"},{\"@type\":\"Organization\",\"@id\":\"https:\/\/www.binah.ai\/#organization\",\"name\":\"Binah\",\"url\":\"https:\/\/www.binah.ai\/\",\"logo\":{\"@type\":\"ImageObject\",\"inLanguage\":\"es\",\"@id\":\"https:\/\/www.binah.ai\/#\/schema\/logo\/image\/\",\"url\":\"https:\/\/www.binah.ai\/wp-content\/uploads\/2020\/10\/Binah_Favicon-white.png\",\"contentUrl\":\"https:\/\/www.binah.ai\/wp-content\/uploads\/2020\/10\/Binah_Favicon-white.png\",\"width\":512,\"height\":512,\"caption\":\"Binah\"},\"image\":{\"@id\":\"https:\/\/www.binah.ai\/#\/schema\/logo\/image\/\"}}]}<\/script>\n<!-- \/ Yoast SEO plugin. -->","yoast_head_json":{"title":"Contacto - Binah","robots":{"index":"index","follow":"follow","max-snippet":"max-snippet:-1","max-image-preview":"max-image-preview:large","max-video-preview":"max-video-preview:-1"},"canonical":"https:\/\/www.binah.ai\/es\/contact\/","og_locale":"es_ES","og_type":"article","og_title":"Contacto - Binah","og_url":"https:\/\/www.binah.ai\/es\/contact\/","og_site_name":"Binah","article_modified_time":"2025-08-25T17:05:43+00:00","og_image":[{"width":200,"height":200,"url":"https:\/\/www.binah.ai\/wp-content\/uploads\/2020\/03\/apple-touch-icon-1.png","type":"image\/png"}],"twitter_card":"summary_large_image","twitter_misc":{"Tiempo de lectura":"1 minuto"},"schema":{"@context":"https:\/\/schema.org","@graph":[{"@type":"WebPage","@id":"https:\/\/www.binah.ai\/es\/contact\/","url":"https:\/\/www.binah.ai\/es\/contact\/","name":"Contacto - Binah","isPartOf":{"@id":"https:\/\/www.binah.ai\/#website"},"datePublished":"2020-07-09T06:51:23+00:00","dateModified":"2025-08-25T17:05:43+00:00","breadcrumb":{"@id":"https:\/\/www.binah.ai\/es\/contact\/#breadcrumb"},"inLanguage":"es","potentialAction":[{"@type":"ReadAction","target":["https:\/\/www.binah.ai\/es\/contact\/"]}]},{"@type":"BreadcrumbList","@id":"https:\/\/www.binah.ai\/es\/contact\/#breadcrumb","itemListElement":[{"@type":"ListItem","position":1,"name":"Home","item":"https:\/\/www.binah.ai\/es\/"},{"@type":"ListItem","position":2,"name":"Contacto"}]},{"@type":"WebSite","@id":"https:\/\/www.binah.ai\/#website","url":"https:\/\/www.binah.ai\/","name":"Binah","description":"AI-powered Video-based Health and Wellness Monitoring","publisher":{"@id":"https:\/\/www.binah.ai\/#organization"},"potentialAction":[{"@type":"SearchAction","target":{"@type":"EntryPoint","urlTemplate":"https:\/\/www.binah.ai\/?s={search_term_string}"},"query-input":{"@type":"PropertyValueSpecification","valueRequired":true,"valueName":"search_term_string"}}],"inLanguage":"es"},{"@type":"Organization","@id":"https:\/\/www.binah.ai\/#organization","name":"Binah","url":"https:\/\/www.binah.ai\/","logo":{"@type":"ImageObject","inLanguage":"es","@id":"https:\/\/www.binah.ai\/#\/schema\/logo\/image\/","url":"https:\/\/www.binah.ai\/wp-content\/uploads\/2020\/10\/Binah_Favicon-white.png","contentUrl":"https:\/\/www.binah.ai\/wp-content\/uploads\/2020\/10\/Binah_Favicon-white.png","width":512,"height":512,"caption":"Binah"},"image":{"@id":"https:\/\/www.binah.ai\/#\/schema\/logo\/image\/"}}]}},"_links":{"self":[{"href":"https:\/\/www.binah.ai\/es\/wp-json\/wp\/v2\/pages\/5382","targetHints":{"allow":["GET"]}}],"collection":[{"href":"https:\/\/www.binah.ai\/es\/wp-json\/wp\/v2\/pages"}],"about":[{"href":"https:\/\/www.binah.ai\/es\/wp-json\/wp\/v2\/types\/page"}],"author":[{"embeddable":true,"href":"https:\/\/www.binah.ai\/es\/wp-json\/wp\/v2\/users\/2"}],"replies":[{"embeddable":true,"href":"https:\/\/www.binah.ai\/es\/wp-json\/wp\/v2\/comments?post=5382"}],"version-history":[{"count":0,"href":"https:\/\/www.binah.ai\/es\/wp-json\/wp\/v2\/pages\/5382\/revisions"}],"wp:attachment":[{"href":"https:\/\/www.binah.ai\/es\/wp-json\/wp\/v2\/media?parent=5382"}],"curies":[{"name":"wp","href":"https:\/\/api.w.org\/{rel}","templated":true}]}}